{"id":84,"date":"2018-03-02T22:24:36","date_gmt":"2018-03-02T21:24:36","guid":{"rendered":"http:\/\/www.studiaudition.fr\/home\/?page_id=84"},"modified":"2018-11-05T10:34:27","modified_gmt":"2018-11-05T09:34:27","slug":"pas-simplement-des-appareils-auditifs","status":"publish","type":"page","link":"https:\/\/studiaudition.fr\/?page_id=84","title":{"rendered":"NOS ENGAGEMENTS"},"content":{"rendered":"<h3>PAS SIMPLEMENT DES APPAREILS AUDITIFS<\/h3>\n<p style=\"text-align: justify; text-justify: inter-ideograph; background: white; margin: 0cm 0cm 7.5pt 0cm;\"><span style=\"font-size: 11.5pt; font-family: Arial; color: #525252;\"><img loading=\"lazy\" decoding=\"async\" class=\"size-medium wp-image-173 alignleft\" src=\"http:\/\/studiaudition.fr\/wp-content\/uploads\/2018\/03\/qualite_du_travail_bien_fait-300x124.jpg\" alt=\"\" width=\"300\" height=\"124\" srcset=\"https:\/\/studiaudition.fr\/wp-content\/uploads\/2018\/03\/qualite_du_travail_bien_fait-300x124.jpg 300w, https:\/\/studiaudition.fr\/wp-content\/uploads\/2018\/03\/qualite_du_travail_bien_fait.jpg 500w\" sizes=\"(max-width: 300px) 100vw, 300px\" \/>Appareils auditifs <strong>+ valeur ajout\u00e9e de l\u2019audioproth\u00e9siste<\/strong> = Appareillage auditif<\/span><\/p>\n<p style=\"text-align: justify; text-justify: inter-ideograph; background: white; margin: 0cm 0cm 7.5pt 0cm;\"><span style=\"font-size: 11.5pt; font-family: Arial; color: #525252;\">\u00a0Cette \u00e9quation d\u00e9montre que c\u2019est notre prise en charge, notre plateau technique, notre expertise qui contribue \u00e0 un choix juste des appareils (marque, type, mod\u00e8le, couplage acoustique), un juste r\u00e9glage (confront\u00e9 aux normes internationales de prescription de l\u2019amplification), accompagn\u00e9 par une vrai r\u00e9\u00e9ducation auditive sur plusieurs semaines.<\/span><\/p>\n<p style=\"text-align: justify; text-justify: inter-ideograph; background: white; margin: 0cm 0cm 7.5pt 0cm;\"><span style=\"font-size: 11.5pt; font-family: Arial; color: #525252;\">Le fruit de ce travail, des appareils auditifs port\u00e9s toute la journ\u00e9e parce qu&rsquo;ils vous apportent un confort et un efficacit\u00e9 prouv\u00e9e.<\/span><\/p>\n<h3>DES APPAREILLAGES AUDITIFS MOINS CHERS PARCE QU\u2019ILS SONT BIEN REGLES<\/h3>\n<p style=\"text-align: justify; text-justify: inter-ideograph; background: white; margin: 0cm 0cm 7.5pt 0cm;\"><span style=\"font-size: 11.5pt; font-family: Arial; color: #525252;\"><img loading=\"lazy\" decoding=\"async\" class=\"size-full wp-image-159 alignleft\" src=\"http:\/\/studiaudition.fr\/wp-content\/uploads\/2018\/03\/encart_tarifs1.jpg\" alt=\"\" width=\"200\" height=\"200\" srcset=\"https:\/\/studiaudition.fr\/wp-content\/uploads\/2018\/03\/encart_tarifs1.jpg 200w, https:\/\/studiaudition.fr\/wp-content\/uploads\/2018\/03\/encart_tarifs1-150x150.jpg 150w\" sizes=\"(max-width: 200px) 100vw, 200px\" \/>Vous croyez peut-\u00eatre que les appareils haut de gamme sont plus efficaces ? S&rsquo;ils sont mal r\u00e9gl\u00e9s ils sont toujours trop chers !<\/span><\/p>\n<p style=\"text-align: justify; text-justify: inter-ideograph; background: white; margin: 0cm 0cm 7.5pt 0cm;\"><span style=\"font-size: 11.5pt; font-family: Arial; color: #525252;\">Alors, au cours des essais, nous pouvons COMPARER deux types de r\u00e9glages en aveugle, sans a priori sur l&rsquo;appareil ou le r\u00e9glage.\u00a0<\/span><span style=\"font-size: 11.5pt; font-family: Arial; color: #525252;\">Ce n\u2019est pas que le prix d\u2019un appareillage qui fait son niveau de service rendu, c&rsquo;est surtout la volont\u00e9 de chercher le r\u00e9glage le plus appropri\u00e9;\u00a0<strong><span style=\"font-family: Arial;\">c\u2019est l\u2019engagement d&rsquo;un r\u00e9glage optimis\u00e9 du Studio de l\u2019Audition<\/span><\/strong>.<\/span><\/p>\n<h3>DES ESSAIS GRATUITS PLUSIEURS SEMAINES<\/h3>\n<p>Nous avons besoin de temps pour vous r\u00e9habituer \u00e0 mieux entendre, vous avez besoin de constater par vous m\u00eame de ce que vous apporte votre appareillage, sans contrainte. La dur\u00e9e des essais est celle qu\u2019il nous faudra pour vous accompagner progressivement vers un bon niveau de perception.<\/p>\n<h3>UNE EXPERTISE DE VOTRE APPAREILLAGE M\u00caME S\u2019IL N\u2019A PAS \u00c9T\u00c9 R\u00c9ALIS\u00c9 PAR NOS SOINS<\/h3>\n<p>Vous portez d\u00e9j\u00e0 un appareillage et vous en \u00eates m\u00e9contents, vous avez des doutes et vous souhaitez avoir un avis.<\/p>\n<p>Prenez rendez-vous et gratuitement nous ferons un point complet sur l\u2019ad\u00e9quation de votre appareillage et votre \u00e9tat auditif.<\/p>\n<p>Nous vous montrerons par une\u00a0<strong>mesure in-vivo<\/strong>, en toute transparence, le gain acoustique r\u00e9el de votre appareillage.<\/p>\n<h3>INNOVER TOUJOURS ET ENCORE<\/h3>\n<p>Parce que notre plus grande force c\u2019est la remise en question, nous avons de nombreux projets scientifiques \u00e0 mettre en \u0153uvre pour r\u00e9volutionner notre pratique. Votre confiance nous aidera \u00e0 d\u00e9velopper ces nouveaux outils.<\/p>\n","protected":false},"excerpt":{"rendered":"<p>PAS SIMPLEMENT DES APPAREILS AUDITIFS Appareils auditifs + valeur ajout\u00e9e de l\u2019audioproth\u00e9siste = Appareillage auditif \u00a0Cette \u00e9quation d\u00e9montre que c\u2019est notre prise en charge, notre plateau technique, notre expertise qui contribue \u00e0 un choix juste des appareils (marque, type, mod\u00e8le, couplage acoustique), un juste r\u00e9glage (confront\u00e9 aux normes internationales de prescription de l\u2019amplification), accompagn\u00e9 par [&hellip;]<\/p>\n","protected":false},"author":1,"featured_media":0,"parent":0,"menu_order":0,"comment_status":"closed","ping_status":"closed","template":"","meta":{"ocean_post_layout":"","ocean_both_sidebars_style":"","ocean_both_sidebars_content_width":0,"ocean_both_sidebars_sidebars_width":0,"ocean_sidebar":"","ocean_second_sidebar":"","ocean_disable_margins":"enable","ocean_add_body_class":"","ocean_shortcode_before_top_bar":"","ocean_shortcode_after_top_bar":"","ocean_shortcode_before_header":"","ocean_shortcode_after_header":"","ocean_has_shortcode":"","ocean_shortcode_after_title":"","ocean_shortcode_before_footer_widgets":"","ocean_shortcode_after_footer_widgets":"","ocean_shortcode_before_footer_bottom":"","ocean_shortcode_after_footer_bottom":"","ocean_display_top_bar":"default","ocean_display_header":"default","ocean_header_style":"","ocean_center_header_left_menu":"","ocean_custom_header_template":"","ocean_custom_logo":0,"ocean_custom_retina_logo":0,"ocean_custom_logo_max_width":0,"ocean_custom_logo_tablet_max_width":0,"ocean_custom_logo_mobile_max_width":0,"ocean_custom_logo_max_height":0,"ocean_custom_logo_tablet_max_height":0,"ocean_custom_logo_mobile_max_height":0,"ocean_header_custom_menu":"","ocean_menu_typo_font_family":"","ocean_menu_typo_font_subset":"","ocean_menu_typo_font_size":0,"ocean_menu_typo_font_size_tablet":0,"ocean_menu_typo_font_size_mobile":0,"ocean_menu_typo_font_size_unit":"px","ocean_menu_typo_font_weight":"","ocean_menu_typo_font_weight_tablet":"","ocean_menu_typo_font_weight_mobile":"","ocean_menu_typo_transform":"","ocean_menu_typo_transform_tablet":"","ocean_menu_typo_transform_mobile":"","ocean_menu_typo_line_height":0,"ocean_menu_typo_line_height_tablet":0,"ocean_menu_typo_line_height_mobile":0,"ocean_menu_typo_line_height_unit":"","ocean_menu_typo_spacing":0,"ocean_menu_typo_spacing_tablet":0,"ocean_menu_typo_spacing_mobile":0,"ocean_menu_typo_spacing_unit":"","ocean_menu_link_color":"","ocean_menu_link_color_hover":"","ocean_menu_link_color_active":"","ocean_menu_link_background":"","ocean_menu_link_hover_background":"","ocean_menu_link_active_background":"","ocean_menu_social_links_bg":"","ocean_menu_social_hover_links_bg":"","ocean_menu_social_links_color":"","ocean_menu_social_hover_links_color":"","ocean_disable_title":"default","ocean_disable_heading":"default","ocean_post_title":"","ocean_post_subheading":"","ocean_post_title_style":"","ocean_post_title_background_color":"","ocean_post_title_background":0,"ocean_post_title_bg_image_position":"","ocean_post_title_bg_image_attachment":"","ocean_post_title_bg_image_repeat":"","ocean_post_title_bg_image_size":"","ocean_post_title_height":0,"ocean_post_title_bg_overlay":0.5,"ocean_post_title_bg_overlay_color":"","ocean_disable_breadcrumbs":"default","ocean_breadcrumbs_color":"","ocean_breadcrumbs_separator_color":"","ocean_breadcrumbs_links_color":"","ocean_breadcrumbs_links_hover_color":"","ocean_display_footer_widgets":"default","ocean_display_footer_bottom":"default","ocean_custom_footer_template":"","footnotes":""},"yoast_head":"<!-- This site is optimized with the Yoast SEO plugin v22.8 - https:\/\/yoast.com\/wordpress\/plugins\/seo\/ -->\n<title>NOS ENGAGEMENTS - Le Studio de l&#039;Audition<\/title>\n<meta name=\"robots\" content=\"index, follow, max-snippet:-1, max-image-preview:large, max-video-preview:-1\" \/>\n<link rel=\"canonical\" href=\"https:\/\/studiaudition.fr\/?page_id=84\" \/>\n<meta property=\"og:locale\" content=\"fr_FR\" \/>\n<meta property=\"og:type\" content=\"article\" \/>\n<meta property=\"og:title\" content=\"NOS ENGAGEMENTS - Le Studio de l&#039;Audition\" \/>\n<meta property=\"og:description\" content=\"PAS SIMPLEMENT DES APPAREILS AUDITIFS Appareils auditifs + valeur ajout\u00e9e de l\u2019audioproth\u00e9siste = Appareillage auditif \u00a0Cette \u00e9quation d\u00e9montre que c\u2019est notre prise en charge, notre plateau technique, notre expertise qui contribue \u00e0 un choix juste des appareils (marque, type, mod\u00e8le, couplage acoustique), un juste r\u00e9glage (confront\u00e9 aux normes internationales de prescription de l\u2019amplification), accompagn\u00e9 par [&hellip;]\" \/>\n<meta property=\"og:url\" content=\"https:\/\/studiaudition.fr\/?page_id=84\" \/>\n<meta property=\"og:site_name\" content=\"Le Studio de l&#039;Audition\" \/>\n<meta property=\"article:modified_time\" content=\"2018-11-05T09:34:27+00:00\" \/>\n<meta property=\"og:image\" content=\"http:\/\/studiaudition.fr\/wp-content\/uploads\/2018\/03\/qualite_du_travail_bien_fait-300x124.jpg\" \/>\n<meta name=\"twitter:card\" content=\"summary_large_image\" \/>\n<meta name=\"twitter:label1\" content=\"Dur\u00e9e de lecture estim\u00e9e\" \/>\n\t<meta name=\"twitter:data1\" content=\"2 minutes\" \/>\n<script type=\"application\/ld+json\" class=\"yoast-schema-graph\">{\"@context\":\"https:\/\/schema.org\",\"@graph\":[{\"@type\":\"WebPage\",\"@id\":\"https:\/\/studiaudition.fr\/?page_id=84\",\"url\":\"https:\/\/studiaudition.fr\/?page_id=84\",\"name\":\"NOS ENGAGEMENTS - Le Studio de l&#039;Audition\",\"isPartOf\":{\"@id\":\"https:\/\/studiaudition.fr\/#website\"},\"primaryImageOfPage\":{\"@id\":\"https:\/\/studiaudition.fr\/?page_id=84#primaryimage\"},\"image\":{\"@id\":\"https:\/\/studiaudition.fr\/?page_id=84#primaryimage\"},\"thumbnailUrl\":\"http:\/\/studiaudition.fr\/wp-content\/uploads\/2018\/03\/qualite_du_travail_bien_fait-300x124.jpg\",\"datePublished\":\"2018-03-02T21:24:36+00:00\",\"dateModified\":\"2018-11-05T09:34:27+00:00\",\"breadcrumb\":{\"@id\":\"https:\/\/studiaudition.fr\/?page_id=84#breadcrumb\"},\"inLanguage\":\"fr-FR\",\"potentialAction\":[{\"@type\":\"ReadAction\",\"target\":[\"https:\/\/studiaudition.fr\/?page_id=84\"]}]},{\"@type\":\"ImageObject\",\"inLanguage\":\"fr-FR\",\"@id\":\"https:\/\/studiaudition.fr\/?page_id=84#primaryimage\",\"url\":\"https:\/\/studiaudition.fr\/wp-content\/uploads\/2018\/03\/qualite_du_travail_bien_fait.jpg\",\"contentUrl\":\"https:\/\/studiaudition.fr\/wp-content\/uploads\/2018\/03\/qualite_du_travail_bien_fait.jpg\",\"width\":500,\"height\":206},{\"@type\":\"BreadcrumbList\",\"@id\":\"https:\/\/studiaudition.fr\/?page_id=84#breadcrumb\",\"itemListElement\":[{\"@type\":\"ListItem\",\"position\":1,\"name\":\"Home\",\"item\":\"https:\/\/studiaudition.fr\/\"},{\"@type\":\"ListItem\",\"position\":2,\"name\":\"NOS ENGAGEMENTS\"}]},{\"@type\":\"WebSite\",\"@id\":\"https:\/\/studiaudition.fr\/#website\",\"url\":\"https:\/\/studiaudition.fr\/\",\"name\":\"Le Studio de l&#039;Audition\",\"description\":\"Votre audition optimis\u00e9e\",\"publisher\":{\"@id\":\"https:\/\/studiaudition.fr\/#organization\"},\"potentialAction\":[{\"@type\":\"SearchAction\",\"target\":{\"@type\":\"EntryPoint\",\"urlTemplate\":\"https:\/\/studiaudition.fr\/?s={search_term_string}\"},\"query-input\":\"required name=search_term_string\"}],\"inLanguage\":\"fr-FR\"},{\"@type\":\"Organization\",\"@id\":\"https:\/\/studiaudition.fr\/#organization\",\"name\":\"LE STUDIO DE L'AUDITION\",\"url\":\"https:\/\/studiaudition.fr\/\",\"logo\":{\"@type\":\"ImageObject\",\"inLanguage\":\"fr-FR\",\"@id\":\"https:\/\/studiaudition.fr\/#\/schema\/logo\/image\/\",\"url\":\"http:\/\/studiaudition.fr\/wp-content\/uploads\/2018\/03\/cropped-LOGO-EN-TETE-STUDIAUDITION-FR-2.jpg\",\"contentUrl\":\"http:\/\/studiaudition.fr\/wp-content\/uploads\/2018\/03\/cropped-LOGO-EN-TETE-STUDIAUDITION-FR-2.jpg\",\"width\":1600,\"height\":534,\"caption\":\"LE STUDIO DE L'AUDITION\"},\"image\":{\"@id\":\"https:\/\/studiaudition.fr\/#\/schema\/logo\/image\/\"}}]}<\/script>\n<!-- \/ Yoast SEO plugin. -->","yoast_head_json":{"title":"NOS ENGAGEMENTS - Le Studio de l&#039;Audition","robots":{"index":"index","follow":"follow","max-snippet":"max-snippet:-1","max-image-preview":"max-image-preview:large","max-video-preview":"max-video-preview:-1"},"canonical":"https:\/\/studiaudition.fr\/?page_id=84","og_locale":"fr_FR","og_type":"article","og_title":"NOS ENGAGEMENTS - Le Studio de l&#039;Audition","og_description":"PAS SIMPLEMENT DES APPAREILS AUDITIFS Appareils auditifs + valeur ajout\u00e9e de l\u2019audioproth\u00e9siste = Appareillage auditif \u00a0Cette \u00e9quation d\u00e9montre que c\u2019est notre prise en charge, notre plateau technique, notre expertise qui contribue \u00e0 un choix juste des appareils (marque, type, mod\u00e8le, couplage acoustique), un juste r\u00e9glage (confront\u00e9 aux normes internationales de prescription de l\u2019amplification), accompagn\u00e9 par [&hellip;]","og_url":"https:\/\/studiaudition.fr\/?page_id=84","og_site_name":"Le Studio de l&#039;Audition","article_modified_time":"2018-11-05T09:34:27+00:00","og_image":[{"url":"http:\/\/studiaudition.fr\/wp-content\/uploads\/2018\/03\/qualite_du_travail_bien_fait-300x124.jpg"}],"twitter_card":"summary_large_image","twitter_misc":{"Dur\u00e9e de lecture estim\u00e9e":"2 minutes"},"schema":{"@context":"https:\/\/schema.org","@graph":[{"@type":"WebPage","@id":"https:\/\/studiaudition.fr\/?page_id=84","url":"https:\/\/studiaudition.fr\/?page_id=84","name":"NOS ENGAGEMENTS - Le Studio de l&#039;Audition","isPartOf":{"@id":"https:\/\/studiaudition.fr\/#website"},"primaryImageOfPage":{"@id":"https:\/\/studiaudition.fr\/?page_id=84#primaryimage"},"image":{"@id":"https:\/\/studiaudition.fr\/?page_id=84#primaryimage"},"thumbnailUrl":"http:\/\/studiaudition.fr\/wp-content\/uploads\/2018\/03\/qualite_du_travail_bien_fait-300x124.jpg","datePublished":"2018-03-02T21:24:36+00:00","dateModified":"2018-11-05T09:34:27+00:00","breadcrumb":{"@id":"https:\/\/studiaudition.fr\/?page_id=84#breadcrumb"},"inLanguage":"fr-FR","potentialAction":[{"@type":"ReadAction","target":["https:\/\/studiaudition.fr\/?page_id=84"]}]},{"@type":"ImageObject","inLanguage":"fr-FR","@id":"https:\/\/studiaudition.fr\/?page_id=84#primaryimage","url":"https:\/\/studiaudition.fr\/wp-content\/uploads\/2018\/03\/qualite_du_travail_bien_fait.jpg","contentUrl":"https:\/\/studiaudition.fr\/wp-content\/uploads\/2018\/03\/qualite_du_travail_bien_fait.jpg","width":500,"height":206},{"@type":"BreadcrumbList","@id":"https:\/\/studiaudition.fr\/?page_id=84#breadcrumb","itemListElement":[{"@type":"ListItem","position":1,"name":"Home","item":"https:\/\/studiaudition.fr\/"},{"@type":"ListItem","position":2,"name":"NOS ENGAGEMENTS"}]},{"@type":"WebSite","@id":"https:\/\/studiaudition.fr\/#website","url":"https:\/\/studiaudition.fr\/","name":"Le Studio de l&#039;Audition","description":"Votre audition optimis\u00e9e","publisher":{"@id":"https:\/\/studiaudition.fr\/#organization"},"potentialAction":[{"@type":"SearchAction","target":{"@type":"EntryPoint","urlTemplate":"https:\/\/studiaudition.fr\/?s={search_term_string}"},"query-input":"required name=search_term_string"}],"inLanguage":"fr-FR"},{"@type":"Organization","@id":"https:\/\/studiaudition.fr\/#organization","name":"LE STUDIO DE L'AUDITION","url":"https:\/\/studiaudition.fr\/","logo":{"@type":"ImageObject","inLanguage":"fr-FR","@id":"https:\/\/studiaudition.fr\/#\/schema\/logo\/image\/","url":"http:\/\/studiaudition.fr\/wp-content\/uploads\/2018\/03\/cropped-LOGO-EN-TETE-STUDIAUDITION-FR-2.jpg","contentUrl":"http:\/\/studiaudition.fr\/wp-content\/uploads\/2018\/03\/cropped-LOGO-EN-TETE-STUDIAUDITION-FR-2.jpg","width":1600,"height":534,"caption":"LE STUDIO DE L'AUDITION"},"image":{"@id":"https:\/\/studiaudition.fr\/#\/schema\/logo\/image\/"}}]}},"_links":{"self":[{"href":"https:\/\/studiaudition.fr\/index.php?rest_route=\/wp\/v2\/pages\/84"}],"collection":[{"href":"https:\/\/studiaudition.fr\/index.php?rest_route=\/wp\/v2\/pages"}],"about":[{"href":"https:\/\/studiaudition.fr\/index.php?rest_route=\/wp\/v2\/types\/page"}],"author":[{"embeddable":true,"href":"https:\/\/studiaudition.fr\/index.php?rest_route=\/wp\/v2\/users\/1"}],"replies":[{"embeddable":true,"href":"https:\/\/studiaudition.fr\/index.php?rest_route=%2Fwp%2Fv2%2Fcomments&post=84"}],"version-history":[{"count":5,"href":"https:\/\/studiaudition.fr\/index.php?rest_route=\/wp\/v2\/pages\/84\/revisions"}],"predecessor-version":[{"id":247,"href":"https:\/\/studiaudition.fr\/index.php?rest_route=\/wp\/v2\/pages\/84\/revisions\/247"}],"wp:attachment":[{"href":"https:\/\/studiaudition.fr\/index.php?rest_route=%2Fwp%2Fv2%2Fmedia&parent=84"}],"curies":[{"name":"wp","href":"https:\/\/api.w.org\/{rel}","templated":true}]}}