{"id":242,"date":"2018-11-04T22:26:21","date_gmt":"2018-11-04T21:26:21","guid":{"rendered":"http:\/\/studiaudition.fr\/?page_id=242"},"modified":"2018-11-04T22:31:44","modified_gmt":"2018-11-04T21:31:44","slug":"avec-lotoscan-votre-specialiste-de-lappareillage-invisible","status":"publish","type":"page","link":"https:\/\/studiaudition.fr\/?page_id=242","title":{"rendered":"Avec l&rsquo;Otoscan, votre sp\u00e9cialiste de l&rsquo;appareillage invisible"},"content":{"rendered":"<p>La r\u00e9alisation des intra-auriculaires compl\u00e8tement cach\u00e9s dans le conduit auditif a jusqu&rsquo;\u00e0 pr\u00e9sent subi les limites de la prise de l&#8217;empreinte des conduits auditifs. En effet jusqu&rsquo;\u00e0 pr\u00e9sent le \u00ab\u00a0moulage\u00a0\u00bb des conduits auditifs se faisait par l&rsquo;injection d&rsquo;une p\u00e2te dans l&rsquo;oreille; se posait alors 2 probl\u00e8mes:<br \/>\n&#8211; la pose au fond du conduit d&rsquo;un prot\u00e8ge tympan rendait inutilisable des 5 derniers millim\u00e8tres (les plus profonds) de l&#8217;empreinte<br \/>\n-l&rsquo;injection de la p\u00e2te d\u00e9forme le conduit par la pression qu&rsquo;elle exerce lors de son injection<\/p>\n<p>R\u00e9sultat les intra-auriculaires sont trop gros et ressortent du conduits, ce qui les rend visibles alors que l&rsquo;on souhaitait une solution invisible !<\/p>\n<p>L&rsquo;<a href=\"https:\/\/otometrics.natus.com\/fr-fr\/%C3%A9v%C3%A9nements-nouvelles\/nouvelles\/otometrics-otoscan-transforme-lavenir-de-laudioprothese\">Otoscan<\/a> est un appareil utilisant 2 types de lasers de faibles puissance pour scanner l&rsquo;oreille en 3 D en temps r\u00e9els directement depuis l&rsquo;int\u00e9rieur du conduit, c&rsquo;est tout simplement r\u00e9volutionnaire !<\/p>\n<p>Le Studio de l&rsquo;Audition a investi dans cette solution technique pour vous offrir les solutions les plus discr\u00e8tes.<\/p>\n<p class=\"responsive-video-wrap clr\"><iframe loading=\"lazy\" title=\"Otoscan: Come with us - It&#039;s the way forward\" width=\"1200\" height=\"675\" src=\"https:\/\/www.youtube.com\/embed\/F4fOAOKQJoI?feature=oembed\" frameborder=\"0\" allow=\"accelerometer; autoplay; clipboard-write; encrypted-media; gyroscope; picture-in-picture; web-share\" allowfullscreen><\/iframe><\/p>\n","protected":false},"excerpt":{"rendered":"<p>La r\u00e9alisation des intra-auriculaires compl\u00e8tement cach\u00e9s dans le conduit auditif a jusqu&rsquo;\u00e0 pr\u00e9sent subi les limites de la prise de l&#8217;empreinte des conduits auditifs. En effet jusqu&rsquo;\u00e0 pr\u00e9sent le \u00ab\u00a0moulage\u00a0\u00bb des conduits auditifs se faisait par l&rsquo;injection d&rsquo;une p\u00e2te dans l&rsquo;oreille; se posait alors 2 probl\u00e8mes: &#8211; la pose au fond du conduit d&rsquo;un prot\u00e8ge [&hellip;]<\/p>\n","protected":false},"author":1,"featured_media":0,"parent":0,"menu_order":0,"comment_status":"closed","ping_status":"closed","template":"","meta":{"ocean_post_layout":"","ocean_both_sidebars_style":"","ocean_both_sidebars_content_width":0,"ocean_both_sidebars_sidebars_width":0,"ocean_sidebar":"","ocean_second_sidebar":"","ocean_disable_margins":"enable","ocean_add_body_class":"","ocean_shortcode_before_top_bar":"","ocean_shortcode_after_top_bar":"","ocean_shortcode_before_header":"","ocean_shortcode_after_header":"","ocean_has_shortcode":"","ocean_shortcode_after_title":"","ocean_shortcode_before_footer_widgets":"","ocean_shortcode_after_footer_widgets":"","ocean_shortcode_before_footer_bottom":"","ocean_shortcode_after_footer_bottom":"","ocean_display_top_bar":"default","ocean_display_header":"default","ocean_header_style":"","ocean_center_header_left_menu":"","ocean_custom_header_template":"","ocean_custom_logo":0,"ocean_custom_retina_logo":0,"ocean_custom_logo_max_width":0,"ocean_custom_logo_tablet_max_width":0,"ocean_custom_logo_mobile_max_width":0,"ocean_custom_logo_max_height":0,"ocean_custom_logo_tablet_max_height":0,"ocean_custom_logo_mobile_max_height":0,"ocean_header_custom_menu":"","ocean_menu_typo_font_family":"","ocean_menu_typo_font_subset":"","ocean_menu_typo_font_size":0,"ocean_menu_typo_font_size_tablet":0,"ocean_menu_typo_font_size_mobile":0,"ocean_menu_typo_font_size_unit":"px","ocean_menu_typo_font_weight":"","ocean_menu_typo_font_weight_tablet":"","ocean_menu_typo_font_weight_mobile":"","ocean_menu_typo_transform":"","ocean_menu_typo_transform_tablet":"","ocean_menu_typo_transform_mobile":"","ocean_menu_typo_line_height":0,"ocean_menu_typo_line_height_tablet":0,"ocean_menu_typo_line_height_mobile":0,"ocean_menu_typo_line_height_unit":"","ocean_menu_typo_spacing":0,"ocean_menu_typo_spacing_tablet":0,"ocean_menu_typo_spacing_mobile":0,"ocean_menu_typo_spacing_unit":"","ocean_menu_link_color":"","ocean_menu_link_color_hover":"","ocean_menu_link_color_active":"","ocean_menu_link_background":"","ocean_menu_link_hover_background":"","ocean_menu_link_active_background":"","ocean_menu_social_links_bg":"","ocean_menu_social_hover_links_bg":"","ocean_menu_social_links_color":"","ocean_menu_social_hover_links_color":"","ocean_disable_title":"default","ocean_disable_heading":"default","ocean_post_title":"","ocean_post_subheading":"","ocean_post_title_style":"","ocean_post_title_background_color":"","ocean_post_title_background":0,"ocean_post_title_bg_image_position":"","ocean_post_title_bg_image_attachment":"","ocean_post_title_bg_image_repeat":"","ocean_post_title_bg_image_size":"","ocean_post_title_height":0,"ocean_post_title_bg_overlay":0.5,"ocean_post_title_bg_overlay_color":"","ocean_disable_breadcrumbs":"default","ocean_breadcrumbs_color":"","ocean_breadcrumbs_separator_color":"","ocean_breadcrumbs_links_color":"","ocean_breadcrumbs_links_hover_color":"","ocean_display_footer_widgets":"default","ocean_display_footer_bottom":"default","ocean_custom_footer_template":"","footnotes":""},"yoast_head":"<!-- This site is optimized with the Yoast SEO plugin v22.8 - https:\/\/yoast.com\/wordpress\/plugins\/seo\/ -->\n<title>Avec l&#039;Otoscan, votre sp\u00e9cialiste de l&#039;appareillage invisible - Le Studio de l&#039;Audition<\/title>\n<meta name=\"robots\" content=\"index, follow, max-snippet:-1, max-image-preview:large, max-video-preview:-1\" \/>\n<link rel=\"canonical\" href=\"https:\/\/studiaudition.fr\/?page_id=242\" \/>\n<meta property=\"og:locale\" content=\"fr_FR\" \/>\n<meta property=\"og:type\" content=\"article\" \/>\n<meta property=\"og:title\" content=\"Avec l&#039;Otoscan, votre sp\u00e9cialiste de l&#039;appareillage invisible - Le Studio de l&#039;Audition\" \/>\n<meta property=\"og:description\" content=\"La r\u00e9alisation des intra-auriculaires compl\u00e8tement cach\u00e9s dans le conduit auditif a jusqu&rsquo;\u00e0 pr\u00e9sent subi les limites de la prise de l&#8217;empreinte des conduits auditifs. En effet jusqu&rsquo;\u00e0 pr\u00e9sent le \u00ab\u00a0moulage\u00a0\u00bb des conduits auditifs se faisait par l&rsquo;injection d&rsquo;une p\u00e2te dans l&rsquo;oreille; se posait alors 2 probl\u00e8mes: &#8211; la pose au fond du conduit d&rsquo;un prot\u00e8ge [&hellip;]\" \/>\n<meta property=\"og:url\" content=\"https:\/\/studiaudition.fr\/?page_id=242\" \/>\n<meta property=\"og:site_name\" content=\"Le Studio de l&#039;Audition\" \/>\n<meta property=\"article:modified_time\" content=\"2018-11-04T21:31:44+00:00\" \/>\n<meta name=\"twitter:card\" content=\"summary_large_image\" \/>\n<meta name=\"twitter:label1\" content=\"Dur\u00e9e de lecture estim\u00e9e\" \/>\n\t<meta name=\"twitter:data1\" content=\"1 minute\" \/>\n<script type=\"application\/ld+json\" class=\"yoast-schema-graph\">{\"@context\":\"https:\/\/schema.org\",\"@graph\":[{\"@type\":\"WebPage\",\"@id\":\"https:\/\/studiaudition.fr\/?page_id=242\",\"url\":\"https:\/\/studiaudition.fr\/?page_id=242\",\"name\":\"Avec l'Otoscan, votre sp\u00e9cialiste de l'appareillage invisible - Le Studio de l&#039;Audition\",\"isPartOf\":{\"@id\":\"https:\/\/studiaudition.fr\/#website\"},\"datePublished\":\"2018-11-04T21:26:21+00:00\",\"dateModified\":\"2018-11-04T21:31:44+00:00\",\"breadcrumb\":{\"@id\":\"https:\/\/studiaudition.fr\/?page_id=242#breadcrumb\"},\"inLanguage\":\"fr-FR\",\"potentialAction\":[{\"@type\":\"ReadAction\",\"target\":[\"https:\/\/studiaudition.fr\/?page_id=242\"]}]},{\"@type\":\"BreadcrumbList\",\"@id\":\"https:\/\/studiaudition.fr\/?page_id=242#breadcrumb\",\"itemListElement\":[{\"@type\":\"ListItem\",\"position\":1,\"name\":\"Home\",\"item\":\"https:\/\/studiaudition.fr\/\"},{\"@type\":\"ListItem\",\"position\":2,\"name\":\"Avec l&rsquo;Otoscan, votre sp\u00e9cialiste de l&rsquo;appareillage invisible\"}]},{\"@type\":\"WebSite\",\"@id\":\"https:\/\/studiaudition.fr\/#website\",\"url\":\"https:\/\/studiaudition.fr\/\",\"name\":\"Le Studio de l&#039;Audition\",\"description\":\"Votre audition optimis\u00e9e\",\"publisher\":{\"@id\":\"https:\/\/studiaudition.fr\/#organization\"},\"potentialAction\":[{\"@type\":\"SearchAction\",\"target\":{\"@type\":\"EntryPoint\",\"urlTemplate\":\"https:\/\/studiaudition.fr\/?s={search_term_string}\"},\"query-input\":\"required name=search_term_string\"}],\"inLanguage\":\"fr-FR\"},{\"@type\":\"Organization\",\"@id\":\"https:\/\/studiaudition.fr\/#organization\",\"name\":\"LE STUDIO DE L'AUDITION\",\"url\":\"https:\/\/studiaudition.fr\/\",\"logo\":{\"@type\":\"ImageObject\",\"inLanguage\":\"fr-FR\",\"@id\":\"https:\/\/studiaudition.fr\/#\/schema\/logo\/image\/\",\"url\":\"http:\/\/studiaudition.fr\/wp-content\/uploads\/2018\/03\/cropped-LOGO-EN-TETE-STUDIAUDITION-FR-2.jpg\",\"contentUrl\":\"http:\/\/studiaudition.fr\/wp-content\/uploads\/2018\/03\/cropped-LOGO-EN-TETE-STUDIAUDITION-FR-2.jpg\",\"width\":1600,\"height\":534,\"caption\":\"LE STUDIO DE L'AUDITION\"},\"image\":{\"@id\":\"https:\/\/studiaudition.fr\/#\/schema\/logo\/image\/\"}}]}<\/script>\n<!-- \/ Yoast SEO plugin. -->","yoast_head_json":{"title":"Avec l'Otoscan, votre sp\u00e9cialiste de l'appareillage invisible - Le Studio de l&#039;Audition","robots":{"index":"index","follow":"follow","max-snippet":"max-snippet:-1","max-image-preview":"max-image-preview:large","max-video-preview":"max-video-preview:-1"},"canonical":"https:\/\/studiaudition.fr\/?page_id=242","og_locale":"fr_FR","og_type":"article","og_title":"Avec l'Otoscan, votre sp\u00e9cialiste de l'appareillage invisible - Le Studio de l&#039;Audition","og_description":"La r\u00e9alisation des intra-auriculaires compl\u00e8tement cach\u00e9s dans le conduit auditif a jusqu&rsquo;\u00e0 pr\u00e9sent subi les limites de la prise de l&#8217;empreinte des conduits auditifs. En effet jusqu&rsquo;\u00e0 pr\u00e9sent le \u00ab\u00a0moulage\u00a0\u00bb des conduits auditifs se faisait par l&rsquo;injection d&rsquo;une p\u00e2te dans l&rsquo;oreille; se posait alors 2 probl\u00e8mes: &#8211; la pose au fond du conduit d&rsquo;un prot\u00e8ge [&hellip;]","og_url":"https:\/\/studiaudition.fr\/?page_id=242","og_site_name":"Le Studio de l&#039;Audition","article_modified_time":"2018-11-04T21:31:44+00:00","twitter_card":"summary_large_image","twitter_misc":{"Dur\u00e9e de lecture estim\u00e9e":"1 minute"},"schema":{"@context":"https:\/\/schema.org","@graph":[{"@type":"WebPage","@id":"https:\/\/studiaudition.fr\/?page_id=242","url":"https:\/\/studiaudition.fr\/?page_id=242","name":"Avec l'Otoscan, votre sp\u00e9cialiste de l'appareillage invisible - Le Studio de l&#039;Audition","isPartOf":{"@id":"https:\/\/studiaudition.fr\/#website"},"datePublished":"2018-11-04T21:26:21+00:00","dateModified":"2018-11-04T21:31:44+00:00","breadcrumb":{"@id":"https:\/\/studiaudition.fr\/?page_id=242#breadcrumb"},"inLanguage":"fr-FR","potentialAction":[{"@type":"ReadAction","target":["https:\/\/studiaudition.fr\/?page_id=242"]}]},{"@type":"BreadcrumbList","@id":"https:\/\/studiaudition.fr\/?page_id=242#breadcrumb","itemListElement":[{"@type":"ListItem","position":1,"name":"Home","item":"https:\/\/studiaudition.fr\/"},{"@type":"ListItem","position":2,"name":"Avec l&rsquo;Otoscan, votre sp\u00e9cialiste de l&rsquo;appareillage invisible"}]},{"@type":"WebSite","@id":"https:\/\/studiaudition.fr\/#website","url":"https:\/\/studiaudition.fr\/","name":"Le Studio de l&#039;Audition","description":"Votre audition optimis\u00e9e","publisher":{"@id":"https:\/\/studiaudition.fr\/#organization"},"potentialAction":[{"@type":"SearchAction","target":{"@type":"EntryPoint","urlTemplate":"https:\/\/studiaudition.fr\/?s={search_term_string}"},"query-input":"required name=search_term_string"}],"inLanguage":"fr-FR"},{"@type":"Organization","@id":"https:\/\/studiaudition.fr\/#organization","name":"LE STUDIO DE L'AUDITION","url":"https:\/\/studiaudition.fr\/","logo":{"@type":"ImageObject","inLanguage":"fr-FR","@id":"https:\/\/studiaudition.fr\/#\/schema\/logo\/image\/","url":"http:\/\/studiaudition.fr\/wp-content\/uploads\/2018\/03\/cropped-LOGO-EN-TETE-STUDIAUDITION-FR-2.jpg","contentUrl":"http:\/\/studiaudition.fr\/wp-content\/uploads\/2018\/03\/cropped-LOGO-EN-TETE-STUDIAUDITION-FR-2.jpg","width":1600,"height":534,"caption":"LE STUDIO DE L'AUDITION"},"image":{"@id":"https:\/\/studiaudition.fr\/#\/schema\/logo\/image\/"}}]}},"_links":{"self":[{"href":"https:\/\/studiaudition.fr\/index.php?rest_route=\/wp\/v2\/pages\/242"}],"collection":[{"href":"https:\/\/studiaudition.fr\/index.php?rest_route=\/wp\/v2\/pages"}],"about":[{"href":"https:\/\/studiaudition.fr\/index.php?rest_route=\/wp\/v2\/types\/page"}],"author":[{"embeddable":true,"href":"https:\/\/studiaudition.fr\/index.php?rest_route=\/wp\/v2\/users\/1"}],"replies":[{"embeddable":true,"href":"https:\/\/studiaudition.fr\/index.php?rest_route=%2Fwp%2Fv2%2Fcomments&post=242"}],"version-history":[{"count":1,"href":"https:\/\/studiaudition.fr\/index.php?rest_route=\/wp\/v2\/pages\/242\/revisions"}],"predecessor-version":[{"id":243,"href":"https:\/\/studiaudition.fr\/index.php?rest_route=\/wp\/v2\/pages\/242\/revisions\/243"}],"wp:attachment":[{"href":"https:\/\/studiaudition.fr\/index.php?rest_route=%2Fwp%2Fv2%2Fmedia&parent=242"}],"curies":[{"name":"wp","href":"https:\/\/api.w.org\/{rel}","templated":true}]}}