{"id":24,"date":"2018-03-02T18:11:33","date_gmt":"2018-03-02T17:11:33","guid":{"rendered":"http:\/\/www.studiaudition.fr\/home\/?page_id=12"},"modified":"2018-11-04T22:40:11","modified_gmt":"2018-11-04T21:40:11","slug":"une-section-de-page-daccueil","status":"publish","type":"page","link":"https:\/\/studiaudition.fr\/?page_id=24","title":{"rendered":"NOS + TECHNIQUES"},"content":{"rendered":"<h2>ANALYSE DE VOS PERCEPTIONS D\u2019INTENSIT\u00c9 DES SONS:<\/h2>\n<p>L\u2019audiogramme r\u00e9alis\u00e9 par un m\u00e9decin est \u00e0 vis\u00e9e diagnostique et ne repr\u00e9sente que la fronti\u00e8re entre les sons per\u00e7us et ceux qui ne peuvent plus l\u2019\u00eatre. On peut par comparaison avec les seuils d\u2019audition normale, d\u00e9crire la perte auditive par le nombre de dB perdus. Nous allons plus loin en mesurant combien de dB sont perdus pour des intensit\u00e9s moyennes. Nous d\u00e9finissons d\u00e8s le d\u00e9part votre de plage d\u2019intensit\u00e9s audibles ET CONFORTABLES.<\/p>\n<h2>DES ESSAIS D\u2019APPAREILS D\u2019UNE DUR\u00c9E VARIABLE POUR 4 OBJECTIFS<\/h2>\n<ul>\n<li>\u00a0Choisir la marque par le \u00ab test de la chaussure \u00bb; c\u2019est tout simplement l\u2019\u00e9coute comparative d\u2019au moins deux marques d\u2019appareils pour identifier une \u00e9ventuelle pr\u00e9f\u00e9rence. Dans 70 % des cas, une pr\u00e9f\u00e9rence est notable, et dans les 30 % restants, une amplification plus importante a \u00e9t\u00e9 possible avec l\u2019un des appareils, ce qui est un facteur pr\u00e9dictif d&rsquo;un meilleur r\u00e9sultat.<br \/>\n\u2022 \u00a0Vous habituer progressivement \u00e0 l\u2019amplification: lors d\u2019un r\u00e9glage, on identifie toujours un seuil d\u2019amplification au-del\u00e0 duquel, une r\u00e9sonnance appara\u00eet. Ce seuil \u00e9volue au fil des semaines et c\u2019est notre r\u00f4le de respecter votre rythme de r\u00e9apprentissage du bien entendre.<br \/>\n\u2022 \u00a0Comparer au moins deux types de r\u00e9glages pour vous proposer le meilleur compromis efficacit\u00e9 dans le bruit ET confort dans le bruit. L\u2019enjeu est d\u00e9crit plus haut dans le paragraphe \u00ab Des appareillages auditifs moins chers parce qu\u2019ils sont bien r\u00e9gl\u00e9s \u00bb<br \/>\n\u2022 \u00a0Vous laisser choisir d\u2019acheter l\u2019appareillage si vous \u00eates satisfait de ce que vous apporte cet appareillage, ou au contraire de ne pas acheter l\u2019appareillage si vous jugez qu\u2019il ne vous est pas assez utile.<\/li>\n<\/ul>\n<h2>DES EMBOUTS SUR MESURE M\u00caME POUR LES ESSAIS<\/h2>\n<p>Afin de r\u00e9aliser des essais dans le bonnes conditions, sauf cas tr\u00e8s particulier, pour un couplage acoustique optimal et pour votre confort, des embouts ou coques sur mesure sont r\u00e9alis\u00e9s d\u00e8s le d\u00e9but. Pour information les embouts en silicone souple n\u2019ont pour seule utilit\u00e9 de d\u00e9marrer les essais plus facilement, mais leur forme standard et leur tenue dans le conduit limite en g\u00e9n\u00e9ral le r\u00e9sultat sur le long terme.<\/p>\n<h2>UN TEST DANS LE BRUIT D\u00c9VELOPP\u00c9 POUR PLUS DE TRANSPARENCE SUR LE RAPPORT CO\u00dbT\/EFFICACIT\u00c9 DE VOTRE APPAREILLAGE<\/h2>\n<p><img loading=\"lazy\" decoding=\"async\" class=\" wp-image-231 alignright\" src=\"http:\/\/studiaudition.fr\/wp-content\/uploads\/2018\/03\/HI7TB-245x300.jpg\" alt=\"\" width=\"299\" height=\"366\" srcset=\"https:\/\/studiaudition.fr\/wp-content\/uploads\/2018\/03\/HI7TB-245x300.jpg 245w, https:\/\/studiaudition.fr\/wp-content\/uploads\/2018\/03\/HI7TB.jpg 287w\" sizes=\"(max-width: 299px) 100vw, 299px\" \/>Comme d\u00e9velopp\u00e9 dans le paragraphe \u00ab Des appareillages auditifs moins chers parce qu\u2019ils sont bien choisis \u00bb. Nous avons d\u00e9velopp\u00e9 pour le HIxTB, qui consiste \u00e0 r\u00e9p\u00e9ter des mots \u00e9mis par un haut parleur en face de vous alors que x autres hauts parleurs \u00ab parlent \u00bb en m\u00eame temps, tout en \u00ab racontant \u00bb des choses diff\u00e9rentes. Bien que cet examen soit un peu difficile, il est surtout tr\u00e8s r\u00e9aliste.<\/p>\n<p>Les confusions de compr\u00e9hension des mots analys\u00e9es et trait\u00e9es de mani\u00e8re tr\u00e8s cibl\u00e9e.<\/p>\n<p>Un article dans la page \u00ab Pourquoi choisir le Studio de l\u2019Audition ? \u00bb \u00e9voque bri\u00e8vement la question. L\u2019information contenue dans le signal sonore de la parole est double; l\u2019information fr\u00e9quentielle (spectrale) et temporelle. J\u2019ai d\u2019ailleurs co-\u00e9crit un article scientifique \u00e0 ce sujet. De plus, votre cerveau est probablement habitu\u00e9 \u00e0 travailler d\u2019avantage avec certaines fr\u00e9quences \u00e0 d\u00e9faut d\u2019autres mal per\u00e7ues. C\u2019est cette complexit\u00e9, que notre expertise est capable de g\u00e9rer pour tirer le meilleur de votre audition r\u00e9siduelle.<\/p>\n<p>&nbsp;<\/p>\n","protected":false},"excerpt":{"rendered":"<p>ANALYSE DE VOS PERCEPTIONS D\u2019INTENSIT\u00c9 DES SONS: L\u2019audiogramme r\u00e9alis\u00e9 par un m\u00e9decin est \u00e0 vis\u00e9e diagnostique et ne repr\u00e9sente que la fronti\u00e8re entre les sons per\u00e7us et ceux qui ne peuvent plus l\u2019\u00eatre. On peut par comparaison avec les seuils d\u2019audition normale, d\u00e9crire la perte auditive par le nombre de dB perdus. Nous allons plus [&hellip;]<\/p>\n","protected":false},"author":1,"featured_media":0,"parent":0,"menu_order":0,"comment_status":"closed","ping_status":"closed","template":"","meta":{"ocean_post_layout":"","ocean_both_sidebars_style":"","ocean_both_sidebars_content_width":0,"ocean_both_sidebars_sidebars_width":0,"ocean_sidebar":"","ocean_second_sidebar":"","ocean_disable_margins":"enable","ocean_add_body_class":"","ocean_shortcode_before_top_bar":"","ocean_shortcode_after_top_bar":"","ocean_shortcode_before_header":"","ocean_shortcode_after_header":"","ocean_has_shortcode":"","ocean_shortcode_after_title":"","ocean_shortcode_before_footer_widgets":"","ocean_shortcode_after_footer_widgets":"","ocean_shortcode_before_footer_bottom":"","ocean_shortcode_after_footer_bottom":"","ocean_display_top_bar":"default","ocean_display_header":"default","ocean_header_style":"","ocean_center_header_left_menu":"","ocean_custom_header_template":"","ocean_custom_logo":0,"ocean_custom_retina_logo":0,"ocean_custom_logo_max_width":0,"ocean_custom_logo_tablet_max_width":0,"ocean_custom_logo_mobile_max_width":0,"ocean_custom_logo_max_height":0,"ocean_custom_logo_tablet_max_height":0,"ocean_custom_logo_mobile_max_height":0,"ocean_header_custom_menu":"","ocean_menu_typo_font_family":"","ocean_menu_typo_font_subset":"","ocean_menu_typo_font_size":0,"ocean_menu_typo_font_size_tablet":0,"ocean_menu_typo_font_size_mobile":0,"ocean_menu_typo_font_size_unit":"px","ocean_menu_typo_font_weight":"","ocean_menu_typo_font_weight_tablet":"","ocean_menu_typo_font_weight_mobile":"","ocean_menu_typo_transform":"","ocean_menu_typo_transform_tablet":"","ocean_menu_typo_transform_mobile":"","ocean_menu_typo_line_height":0,"ocean_menu_typo_line_height_tablet":0,"ocean_menu_typo_line_height_mobile":0,"ocean_menu_typo_line_height_unit":"","ocean_menu_typo_spacing":0,"ocean_menu_typo_spacing_tablet":0,"ocean_menu_typo_spacing_mobile":0,"ocean_menu_typo_spacing_unit":"","ocean_menu_link_color":"","ocean_menu_link_color_hover":"","ocean_menu_link_color_active":"","ocean_menu_link_background":"","ocean_menu_link_hover_background":"","ocean_menu_link_active_background":"","ocean_menu_social_links_bg":"","ocean_menu_social_hover_links_bg":"","ocean_menu_social_links_color":"","ocean_menu_social_hover_links_color":"","ocean_disable_title":"default","ocean_disable_heading":"default","ocean_post_title":"","ocean_post_subheading":"","ocean_post_title_style":"","ocean_post_title_background_color":"","ocean_post_title_background":0,"ocean_post_title_bg_image_position":"","ocean_post_title_bg_image_attachment":"","ocean_post_title_bg_image_repeat":"","ocean_post_title_bg_image_size":"","ocean_post_title_height":0,"ocean_post_title_bg_overlay":0.5,"ocean_post_title_bg_overlay_color":"","ocean_disable_breadcrumbs":"default","ocean_breadcrumbs_color":"","ocean_breadcrumbs_separator_color":"","ocean_breadcrumbs_links_color":"","ocean_breadcrumbs_links_hover_color":"","ocean_display_footer_widgets":"default","ocean_display_footer_bottom":"default","ocean_custom_footer_template":"","footnotes":""},"yoast_head":"<!-- This site is optimized with the Yoast SEO plugin v22.8 - https:\/\/yoast.com\/wordpress\/plugins\/seo\/ -->\n<title>NOS + TECHNIQUES - Le Studio de l&#039;Audition<\/title>\n<meta name=\"robots\" content=\"index, follow, max-snippet:-1, max-image-preview:large, max-video-preview:-1\" \/>\n<link rel=\"canonical\" href=\"https:\/\/studiaudition.fr\/?page_id=24\" \/>\n<meta property=\"og:locale\" content=\"fr_FR\" \/>\n<meta property=\"og:type\" content=\"article\" \/>\n<meta property=\"og:title\" content=\"NOS + TECHNIQUES - Le Studio de l&#039;Audition\" \/>\n<meta property=\"og:description\" content=\"ANALYSE DE VOS PERCEPTIONS D\u2019INTENSIT\u00c9 DES SONS: L\u2019audiogramme r\u00e9alis\u00e9 par un m\u00e9decin est \u00e0 vis\u00e9e diagnostique et ne repr\u00e9sente que la fronti\u00e8re entre les sons per\u00e7us et ceux qui ne peuvent plus l\u2019\u00eatre. On peut par comparaison avec les seuils d\u2019audition normale, d\u00e9crire la perte auditive par le nombre de dB perdus. Nous allons plus [&hellip;]\" \/>\n<meta property=\"og:url\" content=\"https:\/\/studiaudition.fr\/?page_id=24\" \/>\n<meta property=\"og:site_name\" content=\"Le Studio de l&#039;Audition\" \/>\n<meta property=\"article:modified_time\" content=\"2018-11-04T21:40:11+00:00\" \/>\n<meta property=\"og:image\" content=\"http:\/\/studiaudition.fr\/wp-content\/uploads\/2018\/03\/HI7TB-245x300.jpg\" \/>\n<meta name=\"twitter:card\" content=\"summary_large_image\" \/>\n<meta name=\"twitter:label1\" content=\"Dur\u00e9e de lecture estim\u00e9e\" \/>\n\t<meta name=\"twitter:data1\" content=\"3 minutes\" \/>\n<script type=\"application\/ld+json\" class=\"yoast-schema-graph\">{\"@context\":\"https:\/\/schema.org\",\"@graph\":[{\"@type\":\"WebPage\",\"@id\":\"https:\/\/studiaudition.fr\/?page_id=24\",\"url\":\"https:\/\/studiaudition.fr\/?page_id=24\",\"name\":\"NOS + TECHNIQUES - Le Studio de l&#039;Audition\",\"isPartOf\":{\"@id\":\"https:\/\/studiaudition.fr\/#website\"},\"primaryImageOfPage\":{\"@id\":\"https:\/\/studiaudition.fr\/?page_id=24#primaryimage\"},\"image\":{\"@id\":\"https:\/\/studiaudition.fr\/?page_id=24#primaryimage\"},\"thumbnailUrl\":\"http:\/\/studiaudition.fr\/wp-content\/uploads\/2018\/03\/HI7TB-245x300.jpg\",\"datePublished\":\"2018-03-02T17:11:33+00:00\",\"dateModified\":\"2018-11-04T21:40:11+00:00\",\"breadcrumb\":{\"@id\":\"https:\/\/studiaudition.fr\/?page_id=24#breadcrumb\"},\"inLanguage\":\"fr-FR\",\"potentialAction\":[{\"@type\":\"ReadAction\",\"target\":[\"https:\/\/studiaudition.fr\/?page_id=24\"]}]},{\"@type\":\"ImageObject\",\"inLanguage\":\"fr-FR\",\"@id\":\"https:\/\/studiaudition.fr\/?page_id=24#primaryimage\",\"url\":\"https:\/\/studiaudition.fr\/wp-content\/uploads\/2018\/03\/HI7TB.jpg\",\"contentUrl\":\"https:\/\/studiaudition.fr\/wp-content\/uploads\/2018\/03\/HI7TB.jpg\",\"width\":287,\"height\":352},{\"@type\":\"BreadcrumbList\",\"@id\":\"https:\/\/studiaudition.fr\/?page_id=24#breadcrumb\",\"itemListElement\":[{\"@type\":\"ListItem\",\"position\":1,\"name\":\"Home\",\"item\":\"https:\/\/studiaudition.fr\/\"},{\"@type\":\"ListItem\",\"position\":2,\"name\":\"NOS + TECHNIQUES\"}]},{\"@type\":\"WebSite\",\"@id\":\"https:\/\/studiaudition.fr\/#website\",\"url\":\"https:\/\/studiaudition.fr\/\",\"name\":\"Le Studio de l&#039;Audition\",\"description\":\"Votre audition optimis\u00e9e\",\"publisher\":{\"@id\":\"https:\/\/studiaudition.fr\/#organization\"},\"potentialAction\":[{\"@type\":\"SearchAction\",\"target\":{\"@type\":\"EntryPoint\",\"urlTemplate\":\"https:\/\/studiaudition.fr\/?s={search_term_string}\"},\"query-input\":\"required name=search_term_string\"}],\"inLanguage\":\"fr-FR\"},{\"@type\":\"Organization\",\"@id\":\"https:\/\/studiaudition.fr\/#organization\",\"name\":\"LE STUDIO DE L'AUDITION\",\"url\":\"https:\/\/studiaudition.fr\/\",\"logo\":{\"@type\":\"ImageObject\",\"inLanguage\":\"fr-FR\",\"@id\":\"https:\/\/studiaudition.fr\/#\/schema\/logo\/image\/\",\"url\":\"http:\/\/studiaudition.fr\/wp-content\/uploads\/2018\/03\/cropped-LOGO-EN-TETE-STUDIAUDITION-FR-2.jpg\",\"contentUrl\":\"http:\/\/studiaudition.fr\/wp-content\/uploads\/2018\/03\/cropped-LOGO-EN-TETE-STUDIAUDITION-FR-2.jpg\",\"width\":1600,\"height\":534,\"caption\":\"LE STUDIO DE L'AUDITION\"},\"image\":{\"@id\":\"https:\/\/studiaudition.fr\/#\/schema\/logo\/image\/\"}}]}<\/script>\n<!-- \/ Yoast SEO plugin. -->","yoast_head_json":{"title":"NOS + TECHNIQUES - Le Studio de l&#039;Audition","robots":{"index":"index","follow":"follow","max-snippet":"max-snippet:-1","max-image-preview":"max-image-preview:large","max-video-preview":"max-video-preview:-1"},"canonical":"https:\/\/studiaudition.fr\/?page_id=24","og_locale":"fr_FR","og_type":"article","og_title":"NOS + TECHNIQUES - Le Studio de l&#039;Audition","og_description":"ANALYSE DE VOS PERCEPTIONS D\u2019INTENSIT\u00c9 DES SONS: L\u2019audiogramme r\u00e9alis\u00e9 par un m\u00e9decin est \u00e0 vis\u00e9e diagnostique et ne repr\u00e9sente que la fronti\u00e8re entre les sons per\u00e7us et ceux qui ne peuvent plus l\u2019\u00eatre. On peut par comparaison avec les seuils d\u2019audition normale, d\u00e9crire la perte auditive par le nombre de dB perdus. Nous allons plus [&hellip;]","og_url":"https:\/\/studiaudition.fr\/?page_id=24","og_site_name":"Le Studio de l&#039;Audition","article_modified_time":"2018-11-04T21:40:11+00:00","og_image":[{"url":"http:\/\/studiaudition.fr\/wp-content\/uploads\/2018\/03\/HI7TB-245x300.jpg"}],"twitter_card":"summary_large_image","twitter_misc":{"Dur\u00e9e de lecture estim\u00e9e":"3 minutes"},"schema":{"@context":"https:\/\/schema.org","@graph":[{"@type":"WebPage","@id":"https:\/\/studiaudition.fr\/?page_id=24","url":"https:\/\/studiaudition.fr\/?page_id=24","name":"NOS + TECHNIQUES - Le Studio de l&#039;Audition","isPartOf":{"@id":"https:\/\/studiaudition.fr\/#website"},"primaryImageOfPage":{"@id":"https:\/\/studiaudition.fr\/?page_id=24#primaryimage"},"image":{"@id":"https:\/\/studiaudition.fr\/?page_id=24#primaryimage"},"thumbnailUrl":"http:\/\/studiaudition.fr\/wp-content\/uploads\/2018\/03\/HI7TB-245x300.jpg","datePublished":"2018-03-02T17:11:33+00:00","dateModified":"2018-11-04T21:40:11+00:00","breadcrumb":{"@id":"https:\/\/studiaudition.fr\/?page_id=24#breadcrumb"},"inLanguage":"fr-FR","potentialAction":[{"@type":"ReadAction","target":["https:\/\/studiaudition.fr\/?page_id=24"]}]},{"@type":"ImageObject","inLanguage":"fr-FR","@id":"https:\/\/studiaudition.fr\/?page_id=24#primaryimage","url":"https:\/\/studiaudition.fr\/wp-content\/uploads\/2018\/03\/HI7TB.jpg","contentUrl":"https:\/\/studiaudition.fr\/wp-content\/uploads\/2018\/03\/HI7TB.jpg","width":287,"height":352},{"@type":"BreadcrumbList","@id":"https:\/\/studiaudition.fr\/?page_id=24#breadcrumb","itemListElement":[{"@type":"ListItem","position":1,"name":"Home","item":"https:\/\/studiaudition.fr\/"},{"@type":"ListItem","position":2,"name":"NOS + TECHNIQUES"}]},{"@type":"WebSite","@id":"https:\/\/studiaudition.fr\/#website","url":"https:\/\/studiaudition.fr\/","name":"Le Studio de l&#039;Audition","description":"Votre audition optimis\u00e9e","publisher":{"@id":"https:\/\/studiaudition.fr\/#organization"},"potentialAction":[{"@type":"SearchAction","target":{"@type":"EntryPoint","urlTemplate":"https:\/\/studiaudition.fr\/?s={search_term_string}"},"query-input":"required name=search_term_string"}],"inLanguage":"fr-FR"},{"@type":"Organization","@id":"https:\/\/studiaudition.fr\/#organization","name":"LE STUDIO DE L'AUDITION","url":"https:\/\/studiaudition.fr\/","logo":{"@type":"ImageObject","inLanguage":"fr-FR","@id":"https:\/\/studiaudition.fr\/#\/schema\/logo\/image\/","url":"http:\/\/studiaudition.fr\/wp-content\/uploads\/2018\/03\/cropped-LOGO-EN-TETE-STUDIAUDITION-FR-2.jpg","contentUrl":"http:\/\/studiaudition.fr\/wp-content\/uploads\/2018\/03\/cropped-LOGO-EN-TETE-STUDIAUDITION-FR-2.jpg","width":1600,"height":534,"caption":"LE STUDIO DE L'AUDITION"},"image":{"@id":"https:\/\/studiaudition.fr\/#\/schema\/logo\/image\/"}}]}},"_links":{"self":[{"href":"https:\/\/studiaudition.fr\/index.php?rest_route=\/wp\/v2\/pages\/24"}],"collection":[{"href":"https:\/\/studiaudition.fr\/index.php?rest_route=\/wp\/v2\/pages"}],"about":[{"href":"https:\/\/studiaudition.fr\/index.php?rest_route=\/wp\/v2\/types\/page"}],"author":[{"embeddable":true,"href":"https:\/\/studiaudition.fr\/index.php?rest_route=\/wp\/v2\/users\/1"}],"replies":[{"embeddable":true,"href":"https:\/\/studiaudition.fr\/index.php?rest_route=%2Fwp%2Fv2%2Fcomments&post=24"}],"version-history":[{"count":4,"href":"https:\/\/studiaudition.fr\/index.php?rest_route=\/wp\/v2\/pages\/24\/revisions"}],"predecessor-version":[{"id":245,"href":"https:\/\/studiaudition.fr\/index.php?rest_route=\/wp\/v2\/pages\/24\/revisions\/245"}],"wp:attachment":[{"href":"https:\/\/studiaudition.fr\/index.php?rest_route=%2Fwp%2Fv2%2Fmedia&parent=24"}],"curies":[{"name":"wp","href":"https:\/\/api.w.org\/{rel}","templated":true}]}}