{"id":189,"date":"2018-03-06T21:43:40","date_gmt":"2018-03-06T20:43:40","guid":{"rendered":"http:\/\/studiaudition.fr\/?page_id=189"},"modified":"2024-06-06T09:10:48","modified_gmt":"2024-06-06T07:10:48","slug":"qui-suis-je","status":"publish","type":"page","link":"https:\/\/studiaudition.fr\/","title":{"rendered":"Pr\u00e9sentation"},"content":{"rendered":"<h3><strong>AUDIOPROTH\u00c9SISTE DIPL\u00d4M\u00c9 D&rsquo;ETAT (CNAM) ET AUDIOLOGISTE DIPL\u00d4M\u00c9 D&rsquo;UNIVERSIT\u00c9<\/strong><\/h3>\n<p style=\"text-align: justify; text-justify: inter-ideograph; background: white; margin: 0cm 0cm 7.5pt 0cm;\"><span style=\"font-size: 11.5pt; font-family: Arial; color: #525252;\"><img loading=\"lazy\" decoding=\"async\" class=\" wp-image-150 alignleft\" src=\"http:\/\/studiaudition.fr\/wp-content\/uploads\/2018\/03\/coupe_anatomique_oreille-300x225.jpg\" alt=\"\" width=\"244\" height=\"183\" srcset=\"https:\/\/studiaudition.fr\/wp-content\/uploads\/2018\/03\/coupe_anatomique_oreille-300x225.jpg 300w, https:\/\/studiaudition.fr\/wp-content\/uploads\/2018\/03\/coupe_anatomique_oreille-400x300.jpg 400w, https:\/\/studiaudition.fr\/wp-content\/uploads\/2018\/03\/coupe_anatomique_oreille.jpg 640w\" sizes=\"(max-width: 244px) 100vw, 244px\" \/>Les probl\u00e8mes d\u2019audition sont aussi invalidants qu\u2019ils ne se voient pas.<\/span><\/p>\n<p style=\"text-align: justify; text-justify: inter-ideograph; background: white; margin: 0cm 0cm 7.5pt 0cm;\"><span style=\"font-size: 11.5pt; font-family: Arial; color: #525252;\">Un appareillage auditif c\u2019est d\u2019abord une d<strong><span style=\"font-family: Arial;\">\u00e9marche clinique et scientifique pour le meilleur choix et l\u2019adaptation la plus pr\u00e9cise<\/span><\/strong>.<\/span><\/p>\n<p style=\"text-align: justify; text-justify: inter-ideograph; background: white; margin: 0cm 0cm 7.5pt 0cm;\"><span style=\"font-size: 11.5pt; font-family: Arial; color: #525252;\">C\u2019est aussi une \u00e9coute et\u00a0<strong><span style=\"font-family: Arial;\">un parcours de r\u00e9\u00e9ducation auditive<\/span><\/strong>.<\/span><\/p>\n<p style=\"text-align: justify; text-justify: inter-ideograph; background: white; margin: 0cm 0cm 7.5pt 0cm;\"><span style=\"font-size: 11.5pt; font-family: Arial; color: #525252;\">Enfin ce sont\u00a0<u>des mesures tr\u00e8s pr\u00e9cises qui objectivent les performances auditives r\u00e9elles<\/u>.<\/span><\/p>\n<p style=\"text-align: justify; text-justify: inter-ideograph; background: white; margin: 0cm 0cm 7.5pt 0cm;\"><span style=\"font-size: 11.5pt; font-family: Arial; color: #525252;\">J\u2019esp\u00e8re que ce site vous \u00e9clairera sur ma passion, la correction auditive.<\/span><\/p>\n<h3><strong>VOTRE EXPERT INDEPENDANT install\u00e9 depuis 2015<\/strong><\/h3>\n<p>Pourquoi est-ce si important ?<\/p>\n<p>Comme de nombreux secteurs d&rsquo;activit\u00e9, celui de l&rsquo;appareillage auditif s&rsquo;est organis\u00e9 et verticalis\u00e9; c&rsquo;est \u00e0 dire que certaines grandes cha\u00eenes ont \u00e9t\u00e9 vendues \u00e0 de grands industriels qui optimisent leur profit en ne proposant qu&rsquo;une seule marque d&rsquo;appareil, au d\u00e9triment du patient.<\/p>\n<p>Parce que le\u00a0<u><strong>libre choix de la marque<\/strong><\/u>\u00a0est important,\u00a0<strong>Le Studio de l\u2019Audition choisit la marque et le type de l\u2019appareillage auditif en toute ind\u00e9pendance.<\/strong><\/p>\n<p>Chaque marque a ses sp\u00e9cificit\u00e9s et il est de notre r\u00f4le de vous proposer les solutions les plus r\u00e9centes en ad\u00e9quation avec vos particularit\u00e9s.<\/p>\n<h3>MA PASSION POUR L&rsquo;AUDIOLOGIE<\/h3>\n<p><img loading=\"lazy\" decoding=\"async\" class=\"size-full wp-image-151 alignleft\" src=\"http:\/\/studiaudition.fr\/wp-content\/uploads\/2018\/03\/Emeric_KATONA_audioprothesiste_fondateur_du_STUDIO_de_l_AUDITION_a_ORSAY.jpg\" alt=\"\" width=\"140\" height=\"140\" \/>Je suis Emeric KATONA, fondateur du STUDIO de l&rsquo;AUDITION.<\/p>\n<p>J&rsquo;ai\u00a0eu la\u00a0chance d\u00e8s le d\u00e9but de ma carri\u00e8re\u00a0d&rsquo;apprendre l&rsquo;appareillage du jeune enfant avec l&rsquo;\u00e9quipe pluridisciplinaire du Pr GODEY au CHU de\u00a0Rennes.<\/p>\n<p>Passionn\u00e9 par la phon\u00e9tique j&rsquo;ai amorc\u00e9 des travaux de recherche sur les aspects temporels de l&rsquo;audition et de la parole (<a href=\"https:\/\/www.college-nat-audio.fr\/cahiers-de-laudition\/les-cahiers-de-laudition-2004-ndeg-4\"><strong>Les Cahiers de l&rsquo;Audition 2004 n\u00b04<\/strong><\/a>), afin de mieux r\u00e9gler les proth\u00e8ses auditives et les implants cochl\u00e9aires.<\/p>\n<p>A l&rsquo;\u00e9cole d&rsquo;audioproth\u00e8se J.E. Bertin de Foug\u00e8res j\u2019ai enseign\u00e9 la temporalit\u00e9 de la parole et ses implications dans l&rsquo;appareillage auditif.<\/p>\n<p>J\u2019ai ensuite travaill\u00e9 dans l&rsquo;industrie des implants auditifs (BAHA et implant cochl\u00e9aire) concernant les surdit\u00e9s asym\u00e9triques, les cophoses unilat\u00e9rales et les surdit\u00e9s s\u00e9v\u00e8res \u00e0 profondes.<\/p>\n<p>J&rsquo;ai eu la chance de participer \u00e0 de nombreux congr\u00e8s scientifiques sur l&rsquo;audition \u00e0 travers toute l&rsquo;Europe.<\/p>\n<p>En cr\u00e9ant le Studio de l&rsquo;Audition je souhaite vous offrir le meilleur de mon savoir-faire au plus juste prix.<\/p>\n<p><strong>J&rsquo;\u00e9tudierai donc avec passion et rigueur vos probl\u00e8mes d&rsquo;audition.<\/strong><\/p>\n","protected":false},"excerpt":{"rendered":"<p>AUDIOPROTH\u00c9SISTE DIPL\u00d4M\u00c9 D&rsquo;ETAT (CNAM) ET AUDIOLOGISTE DIPL\u00d4M\u00c9 D&rsquo;UNIVERSIT\u00c9 Les probl\u00e8mes d\u2019audition sont aussi invalidants qu\u2019ils ne se voient pas. Un appareillage auditif c\u2019est d\u2019abord une d\u00e9marche clinique et scientifique pour le meilleur choix et l\u2019adaptation la plus pr\u00e9cise. C\u2019est aussi une \u00e9coute et\u00a0un parcours de r\u00e9\u00e9ducation auditive. Enfin ce sont\u00a0des mesures tr\u00e8s pr\u00e9cises qui objectivent [&hellip;]<\/p>\n","protected":false},"author":1,"featured_media":0,"parent":0,"menu_order":0,"comment_status":"closed","ping_status":"closed","template":"","meta":{"ocean_post_layout":"","ocean_both_sidebars_style":"","ocean_both_sidebars_content_width":0,"ocean_both_sidebars_sidebars_width":0,"ocean_sidebar":"","ocean_second_sidebar":"","ocean_disable_margins":"enable","ocean_add_body_class":"","ocean_shortcode_before_top_bar":"","ocean_shortcode_after_top_bar":"","ocean_shortcode_before_header":"","ocean_shortcode_after_header":"","ocean_has_shortcode":"","ocean_shortcode_after_title":"","ocean_shortcode_before_footer_widgets":"","ocean_shortcode_after_footer_widgets":"","ocean_shortcode_before_footer_bottom":"","ocean_shortcode_after_footer_bottom":"","ocean_display_top_bar":"default","ocean_display_header":"default","ocean_header_style":"","ocean_center_header_left_menu":"","ocean_custom_header_template":"","ocean_custom_logo":0,"ocean_custom_retina_logo":0,"ocean_custom_logo_max_width":0,"ocean_custom_logo_tablet_max_width":0,"ocean_custom_logo_mobile_max_width":0,"ocean_custom_logo_max_height":0,"ocean_custom_logo_tablet_max_height":0,"ocean_custom_logo_mobile_max_height":0,"ocean_header_custom_menu":"","ocean_menu_typo_font_family":"","ocean_menu_typo_font_subset":"","ocean_menu_typo_font_size":0,"ocean_menu_typo_font_size_tablet":0,"ocean_menu_typo_font_size_mobile":0,"ocean_menu_typo_font_size_unit":"px","ocean_menu_typo_font_weight":"","ocean_menu_typo_font_weight_tablet":"","ocean_menu_typo_font_weight_mobile":"","ocean_menu_typo_transform":"","ocean_menu_typo_transform_tablet":"","ocean_menu_typo_transform_mobile":"","ocean_menu_typo_line_height":0,"ocean_menu_typo_line_height_tablet":0,"ocean_menu_typo_line_height_mobile":0,"ocean_menu_typo_line_height_unit":"","ocean_menu_typo_spacing":0,"ocean_menu_typo_spacing_tablet":0,"ocean_menu_typo_spacing_mobile":0,"ocean_menu_typo_spacing_unit":"","ocean_menu_link_color":"","ocean_menu_link_color_hover":"","ocean_menu_link_color_active":"","ocean_menu_link_background":"","ocean_menu_link_hover_background":"","ocean_menu_link_active_background":"","ocean_menu_social_links_bg":"","ocean_menu_social_hover_links_bg":"","ocean_menu_social_links_color":"","ocean_menu_social_hover_links_color":"","ocean_disable_title":"default","ocean_disable_heading":"default","ocean_post_title":"","ocean_post_subheading":"","ocean_post_title_style":"","ocean_post_title_background_color":"","ocean_post_title_background":0,"ocean_post_title_bg_image_position":"","ocean_post_title_bg_image_attachment":"","ocean_post_title_bg_image_repeat":"","ocean_post_title_bg_image_size":"","ocean_post_title_height":0,"ocean_post_title_bg_overlay":0.5,"ocean_post_title_bg_overlay_color":"","ocean_disable_breadcrumbs":"default","ocean_breadcrumbs_color":"","ocean_breadcrumbs_separator_color":"","ocean_breadcrumbs_links_color":"","ocean_breadcrumbs_links_hover_color":"","ocean_display_footer_widgets":"default","ocean_display_footer_bottom":"default","ocean_custom_footer_template":"","footnotes":""},"yoast_head":"<!-- This site is optimized with the Yoast SEO plugin v22.8 - https:\/\/yoast.com\/wordpress\/plugins\/seo\/ -->\n<title>Pr\u00e9sentation - Le Studio de l&#039;Audition<\/title>\n<meta name=\"robots\" content=\"index, follow, max-snippet:-1, max-image-preview:large, max-video-preview:-1\" \/>\n<link rel=\"canonical\" href=\"https:\/\/studiaudition.fr\/\" \/>\n<meta property=\"og:locale\" content=\"fr_FR\" \/>\n<meta property=\"og:type\" content=\"article\" \/>\n<meta property=\"og:title\" content=\"Pr\u00e9sentation - Le Studio de l&#039;Audition\" \/>\n<meta property=\"og:description\" content=\"AUDIOPROTH\u00c9SISTE DIPL\u00d4M\u00c9 D&rsquo;ETAT (CNAM) ET AUDIOLOGISTE DIPL\u00d4M\u00c9 D&rsquo;UNIVERSIT\u00c9 Les probl\u00e8mes d\u2019audition sont aussi invalidants qu\u2019ils ne se voient pas. Un appareillage auditif c\u2019est d\u2019abord une d\u00e9marche clinique et scientifique pour le meilleur choix et l\u2019adaptation la plus pr\u00e9cise. C\u2019est aussi une \u00e9coute et\u00a0un parcours de r\u00e9\u00e9ducation auditive. Enfin ce sont\u00a0des mesures tr\u00e8s pr\u00e9cises qui objectivent [&hellip;]\" \/>\n<meta property=\"og:url\" content=\"https:\/\/studiaudition.fr\/\" \/>\n<meta property=\"og:site_name\" content=\"Le Studio de l&#039;Audition\" \/>\n<meta property=\"article:modified_time\" content=\"2024-06-06T07:10:48+00:00\" \/>\n<meta property=\"og:image\" content=\"http:\/\/studiaudition.fr\/wp-content\/uploads\/2018\/03\/coupe_anatomique_oreille-300x225.jpg\" \/>\n<meta name=\"twitter:card\" content=\"summary_large_image\" \/>\n<meta name=\"twitter:label1\" content=\"Dur\u00e9e de lecture estim\u00e9e\" \/>\n\t<meta name=\"twitter:data1\" content=\"2 minutes\" \/>\n<script type=\"application\/ld+json\" class=\"yoast-schema-graph\">{\"@context\":\"https:\/\/schema.org\",\"@graph\":[{\"@type\":\"WebPage\",\"@id\":\"https:\/\/studiaudition.fr\/\",\"url\":\"https:\/\/studiaudition.fr\/\",\"name\":\"Pr\u00e9sentation - Le Studio de l&#039;Audition\",\"isPartOf\":{\"@id\":\"https:\/\/studiaudition.fr\/#website\"},\"primaryImageOfPage\":{\"@id\":\"https:\/\/studiaudition.fr\/#primaryimage\"},\"image\":{\"@id\":\"https:\/\/studiaudition.fr\/#primaryimage\"},\"thumbnailUrl\":\"http:\/\/studiaudition.fr\/wp-content\/uploads\/2018\/03\/coupe_anatomique_oreille-300x225.jpg\",\"datePublished\":\"2018-03-06T20:43:40+00:00\",\"dateModified\":\"2024-06-06T07:10:48+00:00\",\"breadcrumb\":{\"@id\":\"https:\/\/studiaudition.fr\/#breadcrumb\"},\"inLanguage\":\"fr-FR\",\"potentialAction\":[{\"@type\":\"ReadAction\",\"target\":[\"https:\/\/studiaudition.fr\/\"]}]},{\"@type\":\"ImageObject\",\"inLanguage\":\"fr-FR\",\"@id\":\"https:\/\/studiaudition.fr\/#primaryimage\",\"url\":\"https:\/\/studiaudition.fr\/wp-content\/uploads\/2018\/03\/coupe_anatomique_oreille.jpg\",\"contentUrl\":\"https:\/\/studiaudition.fr\/wp-content\/uploads\/2018\/03\/coupe_anatomique_oreille.jpg\",\"width\":640,\"height\":480},{\"@type\":\"BreadcrumbList\",\"@id\":\"https:\/\/studiaudition.fr\/#breadcrumb\",\"itemListElement\":[{\"@type\":\"ListItem\",\"position\":1,\"name\":\"Home\",\"item\":\"https:\/\/studiaudition.fr\/\"},{\"@type\":\"ListItem\",\"position\":2,\"name\":\"Pr\u00e9sentation\"}]},{\"@type\":\"WebSite\",\"@id\":\"https:\/\/studiaudition.fr\/#website\",\"url\":\"https:\/\/studiaudition.fr\/\",\"name\":\"Le Studio de l&#039;Audition\",\"description\":\"Votre audition optimis\u00e9e\",\"publisher\":{\"@id\":\"https:\/\/studiaudition.fr\/#organization\"},\"potentialAction\":[{\"@type\":\"SearchAction\",\"target\":{\"@type\":\"EntryPoint\",\"urlTemplate\":\"https:\/\/studiaudition.fr\/?s={search_term_string}\"},\"query-input\":\"required name=search_term_string\"}],\"inLanguage\":\"fr-FR\"},{\"@type\":\"Organization\",\"@id\":\"https:\/\/studiaudition.fr\/#organization\",\"name\":\"LE STUDIO DE L'AUDITION\",\"url\":\"https:\/\/studiaudition.fr\/\",\"logo\":{\"@type\":\"ImageObject\",\"inLanguage\":\"fr-FR\",\"@id\":\"https:\/\/studiaudition.fr\/#\/schema\/logo\/image\/\",\"url\":\"http:\/\/studiaudition.fr\/wp-content\/uploads\/2018\/03\/cropped-LOGO-EN-TETE-STUDIAUDITION-FR-2.jpg\",\"contentUrl\":\"http:\/\/studiaudition.fr\/wp-content\/uploads\/2018\/03\/cropped-LOGO-EN-TETE-STUDIAUDITION-FR-2.jpg\",\"width\":1600,\"height\":534,\"caption\":\"LE STUDIO DE L'AUDITION\"},\"image\":{\"@id\":\"https:\/\/studiaudition.fr\/#\/schema\/logo\/image\/\"}}]}<\/script>\n<!-- \/ Yoast SEO plugin. -->","yoast_head_json":{"title":"Pr\u00e9sentation - Le Studio de l&#039;Audition","robots":{"index":"index","follow":"follow","max-snippet":"max-snippet:-1","max-image-preview":"max-image-preview:large","max-video-preview":"max-video-preview:-1"},"canonical":"https:\/\/studiaudition.fr\/","og_locale":"fr_FR","og_type":"article","og_title":"Pr\u00e9sentation - Le Studio de l&#039;Audition","og_description":"AUDIOPROTH\u00c9SISTE DIPL\u00d4M\u00c9 D&rsquo;ETAT (CNAM) ET AUDIOLOGISTE DIPL\u00d4M\u00c9 D&rsquo;UNIVERSIT\u00c9 Les probl\u00e8mes d\u2019audition sont aussi invalidants qu\u2019ils ne se voient pas. Un appareillage auditif c\u2019est d\u2019abord une d\u00e9marche clinique et scientifique pour le meilleur choix et l\u2019adaptation la plus pr\u00e9cise. C\u2019est aussi une \u00e9coute et\u00a0un parcours de r\u00e9\u00e9ducation auditive. Enfin ce sont\u00a0des mesures tr\u00e8s pr\u00e9cises qui objectivent [&hellip;]","og_url":"https:\/\/studiaudition.fr\/","og_site_name":"Le Studio de l&#039;Audition","article_modified_time":"2024-06-06T07:10:48+00:00","og_image":[{"url":"http:\/\/studiaudition.fr\/wp-content\/uploads\/2018\/03\/coupe_anatomique_oreille-300x225.jpg"}],"twitter_card":"summary_large_image","twitter_misc":{"Dur\u00e9e de lecture estim\u00e9e":"2 minutes"},"schema":{"@context":"https:\/\/schema.org","@graph":[{"@type":"WebPage","@id":"https:\/\/studiaudition.fr\/","url":"https:\/\/studiaudition.fr\/","name":"Pr\u00e9sentation - Le Studio de l&#039;Audition","isPartOf":{"@id":"https:\/\/studiaudition.fr\/#website"},"primaryImageOfPage":{"@id":"https:\/\/studiaudition.fr\/#primaryimage"},"image":{"@id":"https:\/\/studiaudition.fr\/#primaryimage"},"thumbnailUrl":"http:\/\/studiaudition.fr\/wp-content\/uploads\/2018\/03\/coupe_anatomique_oreille-300x225.jpg","datePublished":"2018-03-06T20:43:40+00:00","dateModified":"2024-06-06T07:10:48+00:00","breadcrumb":{"@id":"https:\/\/studiaudition.fr\/#breadcrumb"},"inLanguage":"fr-FR","potentialAction":[{"@type":"ReadAction","target":["https:\/\/studiaudition.fr\/"]}]},{"@type":"ImageObject","inLanguage":"fr-FR","@id":"https:\/\/studiaudition.fr\/#primaryimage","url":"https:\/\/studiaudition.fr\/wp-content\/uploads\/2018\/03\/coupe_anatomique_oreille.jpg","contentUrl":"https:\/\/studiaudition.fr\/wp-content\/uploads\/2018\/03\/coupe_anatomique_oreille.jpg","width":640,"height":480},{"@type":"BreadcrumbList","@id":"https:\/\/studiaudition.fr\/#breadcrumb","itemListElement":[{"@type":"ListItem","position":1,"name":"Home","item":"https:\/\/studiaudition.fr\/"},{"@type":"ListItem","position":2,"name":"Pr\u00e9sentation"}]},{"@type":"WebSite","@id":"https:\/\/studiaudition.fr\/#website","url":"https:\/\/studiaudition.fr\/","name":"Le Studio de l&#039;Audition","description":"Votre audition optimis\u00e9e","publisher":{"@id":"https:\/\/studiaudition.fr\/#organization"},"potentialAction":[{"@type":"SearchAction","target":{"@type":"EntryPoint","urlTemplate":"https:\/\/studiaudition.fr\/?s={search_term_string}"},"query-input":"required name=search_term_string"}],"inLanguage":"fr-FR"},{"@type":"Organization","@id":"https:\/\/studiaudition.fr\/#organization","name":"LE STUDIO DE L'AUDITION","url":"https:\/\/studiaudition.fr\/","logo":{"@type":"ImageObject","inLanguage":"fr-FR","@id":"https:\/\/studiaudition.fr\/#\/schema\/logo\/image\/","url":"http:\/\/studiaudition.fr\/wp-content\/uploads\/2018\/03\/cropped-LOGO-EN-TETE-STUDIAUDITION-FR-2.jpg","contentUrl":"http:\/\/studiaudition.fr\/wp-content\/uploads\/2018\/03\/cropped-LOGO-EN-TETE-STUDIAUDITION-FR-2.jpg","width":1600,"height":534,"caption":"LE STUDIO DE L'AUDITION"},"image":{"@id":"https:\/\/studiaudition.fr\/#\/schema\/logo\/image\/"}}]}},"_links":{"self":[{"href":"https:\/\/studiaudition.fr\/index.php?rest_route=\/wp\/v2\/pages\/189"}],"collection":[{"href":"https:\/\/studiaudition.fr\/index.php?rest_route=\/wp\/v2\/pages"}],"about":[{"href":"https:\/\/studiaudition.fr\/index.php?rest_route=\/wp\/v2\/types\/page"}],"author":[{"embeddable":true,"href":"https:\/\/studiaudition.fr\/index.php?rest_route=\/wp\/v2\/users\/1"}],"replies":[{"embeddable":true,"href":"https:\/\/studiaudition.fr\/index.php?rest_route=%2Fwp%2Fv2%2Fcomments&post=189"}],"version-history":[{"count":8,"href":"https:\/\/studiaudition.fr\/index.php?rest_route=\/wp\/v2\/pages\/189\/revisions"}],"predecessor-version":[{"id":278,"href":"https:\/\/studiaudition.fr\/index.php?rest_route=\/wp\/v2\/pages\/189\/revisions\/278"}],"wp:attachment":[{"href":"https:\/\/studiaudition.fr\/index.php?rest_route=%2Fwp%2Fv2%2Fmedia&parent=189"}],"curies":[{"name":"wp","href":"https:\/\/api.w.org\/{rel}","templated":true}]}}